{"id":52061,"date":"2024-10-26T22:46:33","date_gmt":"2024-10-26T20:46:33","guid":{"rendered":"https:\/\/www.homeportal.world\/rejestracja\/"},"modified":"2024-10-26T22:46:33","modified_gmt":"2024-10-26T20:46:33","slug":"rejestracja","status":"publish","type":"page","link":"https:\/\/www.homeportal.world\/pl\/rejestracja\/","title":{"rendered":"Rejestracja"},"content":{"rendered":"\t\t\t\t\t <div class=\"update-form login\">\r\n\t\t\t<form id=\"custom-registration-form\" method=\"post\" action=\"https:\/\/www.homeportal.world\/wp-admin\/admin-post.php\">\r\n\t\t\t\t<input type=\"hidden\" name=\"action\" value=\"custom_registration\">\r\n\t\t\t\t<input type=\"hidden\" id=\"custom_registration_nonce\" name=\"custom_registration_nonce\" value=\"94125953eb\" \/><input type=\"hidden\" name=\"_wp_http_referer\" value=\"\/pl\/wp-json\/wp\/v2\/pages\/52061\" \/>\t\t\t\t<input type=\"text\" name=\"username\" placeholder=\"Nazwa u\u017cytkownika \" required>\r\n\t\t\t\t<input type=\"email\" name=\"email\" placeholder=\"E-mail\" required>\r\n\t\t\t\t<input type=\"password\" name=\"password\" placeholder=\"Has\u0142o:\" required>\r\n\t\t\t\t<input type=\"submit\" value=\"Rejestr\"\/>\r\n\t\t\t\t<p style=\"margin-top: 25px;\" class=\"reg-gdpr-info\">Przesy\u0142aj\u0105c formularz, wyra\u017cam <a target=\"_blank\" href=\"https:\/\/www.homeportal.world\/pl\/dokumenty-prawne\/\">zgod\u0119 na przekazanie danych osobowych<\/a> i potwierdzam, \u017ce zapozna\u0142em si\u0119 z <a target=\"_blank\" href=\"https:\/\/www.homeportal.world\/pl\/dokumenty-prawne\/\">warunkami przetwarzania danych osobowych<\/a>.<\/p>\r\n\t\t\t<\/form>\r\n\t\t<\/div>\r\n\t\t\t\t\t\n","protected":false},"excerpt":{"rendered":"","protected":false},"author":1,"featured_media":0,"parent":0,"menu_order":0,"comment_status":"closed","ping_status":"closed","template":"","meta":{"_acf_changed":false,"inline_featured_image":false,"footnotes":""},"class_list":["post-52061","page","type-page","status-publish","hentry"],"acf":[],"aioseo_notices":[],"_links":{"self":[{"href":"https:\/\/www.homeportal.world\/pl\/wp-json\/wp\/v2\/pages\/52061","targetHints":{"allow":["GET"]}}],"collection":[{"href":"https:\/\/www.homeportal.world\/pl\/wp-json\/wp\/v2\/pages"}],"about":[{"href":"https:\/\/www.homeportal.world\/pl\/wp-json\/wp\/v2\/types\/page"}],"author":[{"embeddable":true,"href":"https:\/\/www.homeportal.world\/pl\/wp-json\/wp\/v2\/users\/1"}],"replies":[{"embeddable":true,"href":"https:\/\/www.homeportal.world\/pl\/wp-json\/wp\/v2\/comments?post=52061"}],"version-history":[{"count":0,"href":"https:\/\/www.homeportal.world\/pl\/wp-json\/wp\/v2\/pages\/52061\/revisions"}],"wp:attachment":[{"href":"https:\/\/www.homeportal.world\/pl\/wp-json\/wp\/v2\/media?parent=52061"}],"curies":[{"name":"wp","href":"https:\/\/api.w.org\/{rel}","templated":true}]}}