{"id":52068,"date":"2024-10-26T22:47:49","date_gmt":"2024-10-26T20:47:49","guid":{"rendered":"https:\/\/www.homeportal.world\/polityka-prywatnosci\/"},"modified":"2024-10-26T22:47:57","modified_gmt":"2024-10-26T20:47:57","slug":"polityka-prywatnosci","status":"publish","type":"page","link":"https:\/\/www.homeportal.world\/pl\/polityka-prywatnosci\/","title":{"rendered":"Polityka prywatno\u015bci"},"content":{"rendered":"\n<h2 class=\"wp-block-heading\"><strong>Wyci\u0105gni\u0119te wnioski<\/strong><\/h2>\n\n<p>Operatorem tej strony internetowej i osob\u0105, do kt\u00f3rej wysy\u0142asz zapytanie, jest <strong>Portal Jungle, s.r.o.<\/strong>, z siedzib\u0105 w Pradze 1, V\u00e1clavsk\u00e9 n\u00e1m\u011bst\u00ed 841\/3, kod pocztowy 110 00, numer identyfikacyjny: 07613750.<\/p>\n\n<p><strong>Portal Jungle, s.r.o.<\/strong> przetworzy Twoje zapytanie w swoich systemach baz danych przede wszystkim w celu skontaktowania si\u0119 z Tob\u0105 w sprawie, o kt\u00f3r\u0105 pytasz.<\/p>\n\n<h3 class=\"wp-block-heading\"><strong>Kt\u00f3rych danych osobowych u\u017cytkownika to dotyczy i w jakich celach b\u0119dziemy je przetwarza\u0107?<\/strong><\/h3>\n\n<p>Na podstawie wype\u0142nionego i przes\u0142anego przez Ciebie formularza b\u0119dziemy przetwarza\u0107 nast\u0119puj\u0105ce dane o Tobie: imi\u0119 i nazwisko, tre\u015b\u0107 i czas dostarczenia wiadomo\u015bci, adres IP, e-mail, telefon.<\/p>\n\n<p>Celem przetwarzania danych osobowych jest przede wszystkim udzielenie odpowiedzi na zapytanie\/przetworzenie \u017c\u0105dania u\u017cytkownika lub zaoferowanie mu nieruchomo\u015bci naszych partner\u00f3w umownych, kt\u00f3rymi jest zainteresowany. <\/p>\n\n<p>W tym kontek\u015bcie dane te mog\u0105 by\u0107 r\u00f3wnie\u017c wykorzystywane do ochrony naszych praw i praw os\u00f3b trzecich, do sprawdzania funkcjonowania naszego systemu komputerowego i zapewnienia jego bezpiecze\u0144stwa, do ulepszania naszych us\u0142ug, w tym do cel\u00f3w statystycznych, do prowadzenia rejestr\u00f3w ksi\u0119gowych (w celu udokumentowania naszych dzia\u0142a\u0144 wobec os\u00f3b, kt\u00f3re mog\u0105 korzysta\u0107 z danej witryny w celu promowania swoich projekt\u00f3w) oraz do wype\u0142niania zobowi\u0105za\u0144 prawnych, kt\u00f3re ponosimy. B\u0119dziemy przetwarza\u0107 dane osobowe u\u017cytkownika w naszych systemach komputerowych, w kt\u00f3rych b\u0119dziemy przechowywa\u0107 dane kontaktowe u\u017cytkownika i histori\u0119 komunikacji z nim. Je\u015bli zapytania u\u017cytkownika s\u0105 przekazywane bezpo\u015brednio do firmy deweloperskiej, kt\u00f3ra zarz\u0105dza projektem, na kt\u00f3ry u\u017cytkownik odpowiada, lub do w\u0142a\u015bciciela odpowiedniego lokalu w celu przetworzenia, takie przekazanie b\u0119dzie mia\u0142o na celu wy\u0142\u0105cznie rozpatrzenie zapytania lub pro\u015bby u\u017cytkownika. Je\u015bli u\u017cytkownik wyrazi na to zgod\u0119, przeka\u017cemy jego dane osobowe wsp\u00f3\u0142pracuj\u0105cym dostawcom us\u0142ug finansowych (w szczeg\u00f3lno\u015bci finansowania hipotecznego).     <\/p>\n\n<p>Na podstawie tego polecenia przedstawiciele odpowiedniej firmy deweloperskiej\/po\u015brednicy us\u0142ug finansowych mog\u0105 skontaktowa\u0107 si\u0119 z u\u017cytkownikiem. Jednak dalsze przetwarzanie danych u\u017cytkownika przez te osoby odbywa si\u0119 wy\u0142\u0105cznie na ich w\u0142asn\u0105 odpowiedzialno\u015b\u0107. W przypadku jakichkolwiek pyta\u0144 dotycz\u0105cych sposobu przetwarzania danych przez te osoby prosimy o bezpo\u015bredni kontakt z nimi.  <\/p>\n\n<h3 class=\"wp-block-heading\"><strong>Podstawa prawna przetwarzania.<\/strong><\/h3>\n\n<p>Podstaw\u0105 prawn\u0105 przetwarzania Twoich danych osobowych jest \u015bwiadczenie przez nas us\u0142ug internetowych na podstawie Twojego wniosku, uzasadnione interesy naszej firmy i stron trzecich (kt\u00f3re s\u0105 przede wszystkim okre\u015blone przez charakter \u015bwiadczonej us\u0142ugi, mo\u017cliwo\u015b\u0107 sporu mi\u0119dzy Tob\u0105 a dostawc\u0105 w zwi\u0105zku ze \u015bwiadczonymi us\u0142ugami oraz nasz obowi\u0105zek udowodnienia p\u0142ac\u0105cym klientom us\u0142ugi, jakie us\u0142ugi im \u015bwiadczyli\u015bmy) oraz spe\u0142nienie wymog\u00f3w prawnych (zapobieganie czynom niedozwolonym, zgodno\u015b\u0107 z wymogami wynikaj\u0105cymi z przepis\u00f3w o ochronie danych, ksi\u0119gowo\u015b\u0107 i zgodno\u015b\u0107 z obowi\u0105zkami wynikaj\u0105cymi z przepis\u00f3w podatkowych itp.)<\/p>\n\n<h3 class=\"wp-block-heading\"><strong>Zautomatyzowana komunikacja e-mail.<\/strong><\/h3>\n\n<p>Podane przez u\u017cytkownika dane kontaktowe mog\u0105 by\u0107 wykorzystywane do automatycznej komunikacji e-mailowej zwi\u0105zanej z zam\u00f3wionymi us\u0142ugami. Wiadomo\u015bci te mog\u0105 zawiera\u0107 informacje o naszych nowych ofertach, aktualizacjach, rabatach lub inne powi\u0105zane informacje, kt\u00f3re mog\u0105 by\u0107 interesuj\u0105ce dla u\u017cytkownika. Je\u015bli u\u017cytkownik nie chce otrzymywa\u0107 takich wiadomo\u015bci e-mail, mo\u017ce w dowolnym momencie zrezygnowa\u0107 z subskrypcji, korzystaj\u0105c z \u0142\u0105cza rezygnacji z subskrypcji, kt\u00f3re zawsze znajduje si\u0119 w ka\u017cdej wysy\u0142anej przez nas wiadomo\u015bci e-mail.  <\/p>\n\n<p><\/p>\n\n<h3 class=\"wp-block-heading\"><strong>Kto b\u0119dzie zajmowa\u0142 si\u0119 tymi informacjami i komu b\u0119d\u0105 one przekazywane?<\/strong><\/h3>\n\n<p>Zazwyczaj przekazujemy zapytanie do firmy deweloperskiej, kt\u00f3ra zarz\u0105dza projektem, na kt\u00f3ry odpowiadasz lub jest w\u0142a\u015bcicielem danego lokalu. W zwi\u0105zku z tym mo\u017cemy przekaza\u0107 zapytanie u\u017cytkownika konkretnej firmie deweloperskiej. Ponadto dost\u0119p do danych osobowych u\u017cytkownika mog\u0105 mie\u0107 w pewnym zakresie (i) operatorzy naszych system\u00f3w informatycznych, (ii) osoby zapewniaj\u0105ce nam dystrybucj\u0119 poczty elektronicznej, je\u015bli korzystamy z us\u0142ug takich os\u00f3b, (iii) operatorzy naszych serwer\u00f3w zapasowych i kopii zapasowych danych, (iv) w stosownych przypadkach, nasi doradcy ekonomiczni, prawni i podatkowi oraz audytorzy, a tak\u017ce (v) wsp\u00f3\u0142pracuj\u0105cy po\u015brednicy us\u0142ug finansowych.        <\/p>\n\n<h3 class=\"wp-block-heading\"><strong>Jak d\u0142ugo b\u0119dziemy przetwarza\u0107 dane u\u017cytkownika?<\/strong><\/h3>\n\n<p>  Zapytania b\u0119d\u0105 przechowywane przez rozs\u0105dny okres czasu, w zale\u017cno\u015bci od rodzaju zapytania. Okres przechowywania danych przez nasz\u0105 firm\u0119 mo\u017ce by\u0107 r\u00f3\u017cny dla r\u00f3\u017cnych cel\u00f3w przetwarzania danych (np. b\u0119dzie d\u0142u\u017cszy w przypadku faktycznego zawarcia umowy z w\u0142a\u015bcicielem danej nieruchomo\u015bci, gdy potrzebujemy takich danych do cel\u00f3w ksi\u0119gowych i b\u0119dziemy je przechowywa\u0107 przez okres wymagany przez prawo). <\/p>\n\n<h3 class=\"wp-block-heading\"><strong>Twoje prawa.<\/strong><\/h3>\n\n<p>Ma to na celu poinformowanie u\u017cytkownika, \u017ce nie jest zobowi\u0105zany do podania nam \u017cadnych danych, a ich podanie jest dobrowolne, jednak bez podania niekt\u00f3rych danych oznaczonych jako obowi\u0105zkowe nie b\u0119dziemy mogli \u015bwiadczy\u0107 us\u0142ugi. Us\u0142uga nie jest przeznaczona dla os\u00f3b poni\u017cej 18 roku \u017cycia. <\/p>\n\n<p>Zgodnie z Rozporz\u0105dzeniem Parlamentu Europejskiego i Rady (UE) 2016\/679 z dnia 27 kwietnia 2016 r. w sprawie ochrony os\u00f3b fizycznych w zwi\u0105zku z przetwarzaniem danych osobowych i w sprawie swobodnego przep\u0142ywu takich danych oraz uchylenia dyrektywy 95\/46\/WE (dalej &#8222;Rozporz\u0105dzenie&#8221;) informujemy, \u017ce przys\u0142uguje Pani\/Panu prawo do przenoszenia danych osobowych, kt\u00f3re Pani\/Pana dotycz\u0105, do naszej firmy, jako administratora Pani\/Pana danych osobowych:  <\/p>\n\n<ol class=\"wp-block-list\">\n<li>\u017c\u0105dania dost\u0119pu do przetwarzanych przez nas danych osobowych dotycz\u0105cych u\u017cytkownika, co oznacza prawo do uzyskania od naszej firmy jako administratora potwierdzenia, czy dane osobowe dotycz\u0105ce u\u017cytkownika s\u0105 przetwarzane, a je\u015bli tak, prawo dost\u0119pu do tych danych osobowych i innych informacji, o kt\u00f3rych mowa w art. 15 rozporz\u0105dzenia, <\/li>\n\n\n\n<li>\u017c\u0105dania poprawienia przetwarzanych przez nas danych osobowych, je\u015bli s\u0105 one niedok\u0142adne. Bior\u0105c pod uwag\u0119 cele przetwarzania, w niekt\u00f3rych przypadkach u\u017cytkownik ma r\u00f3wnie\u017c prawo za\u017c\u0105da\u0107 uzupe\u0142nienia niekompletnych danych osobowych, <\/li>\n\n\n\n<li>\u017c\u0105dania usuni\u0119cia danych osobowych w przypadkach przewidzianych w art. 17 rozporz\u0105dzenia, <\/li>\n\n\n\n<li>\u017c\u0105dania ograniczenia przetwarzania danych w przypadkach przewidzianych w art. 18 rozporz\u0105dzenia, <\/li>\n\n\n\n<li>otrzymywania danych osobowych dotycz\u0105cych u\u017cytkownika w ustrukturyzowanym, powszechnie u\u017cywanym formacie nadaj\u0105cym si\u0119 do odczytu maszynowego oraz prawa do przekazywania tych danych innemu administratorowi, z zastrze\u017ceniem warunk\u00f3w i ogranicze\u0144 okre\u015blonych w art. 20 rozporz\u0105dzenia (Sp\u00f3\u0142ka nie przyjmuje danych osobowych od innych administrator\u00f3w danych, kt\u00f3re u\u017cytkownik chce do niej przekaza\u0107), <\/li>\n\n\n\n<li>u\u017cytkownik ma prawo wnie\u015b\u0107 sprzeciw wobec przetwarzania w rozumieniu art. 21 rozporz\u0105dzenia z przyczyn zwi\u0105zanych z jego szczeg\u00f3ln\u0105 sytuacj\u0105; oraz   <\/li>\n\n\n\n<li>Je\u015bli przetwarzanie danych osobowych odbywa si\u0119 na podstawie zgody u\u017cytkownika, mo\u017ce on j\u0105 wycofa\u0107 w dowolnym momencie. Wycofanie zgody nie ma jednak wp\u0142ywu na zgodno\u015b\u0107 z prawem przetwarzania, kt\u00f3rego dokonano na podstawie zgody przed jej wycofaniem. <\/li>\n<\/ol>\n\n<p>Je\u015bli otrzymamy wniosek u\u017cytkownika zgodnie z poprzednim ust\u0119pem, poinformujemy go o podj\u0119tych \u015brodkach bez zb\u0119dnej zw\u0142oki, a w ka\u017cdym razie w ci\u0105gu jednego miesi\u0105ca od otrzymania wniosku. Termin ten mo\u017ce zosta\u0107 przed\u0142u\u017cony o kolejne dwa miesi\u0105ce w razie potrzeby oraz z uwagi na z\u0142o\u017cono\u015b\u0107 i liczb\u0119 wniosk\u00f3w. Je\u015bli nie podejmiemy \u017c\u0105danych dzia\u0142a\u0144, jeste\u015bmy zobowi\u0105zani do niezw\u0142ocznego poinformowania u\u017cytkownika, najp\u00f3\u017aniej w ci\u0105gu miesi\u0105ca od otrzymania wniosku, o przyczynach ich niepodj\u0119cia. W tym kontek\u015bcie nale\u017cy pami\u0119ta\u0107, \u017ce w niekt\u00f3rych przypadkach okre\u015blonych w Rozporz\u0105dzeniu nie jeste\u015bmy zobowi\u0105zani do spe\u0142nienia \u017c\u0105dania u\u017cytkownika w ca\u0142o\u015bci lub w cz\u0119\u015bci. Dotyczy to w szczeg\u00f3lno\u015bci sytuacji, gdy \u017c\u0105danie u\u017cytkownika jest ewidentnie nieuzasadnione lub nieracjonalne, w szczeg\u00f3lno\u015bci ze wzgl\u0119du na jego powtarzalno\u015b\u0107. W takich przypadkach mo\u017cemy (i) na\u0142o\u017cy\u0107 rozs\u0105dn\u0105 op\u0142at\u0119 uwzgl\u0119dniaj\u0105c\u0105 koszty administracyjne zwi\u0105zane z dostarczeniem u\u017cytkownikowi \u017c\u0105danych informacji lub ujawnieniem informacji lub podj\u0119ciem \u017c\u0105danych dzia\u0142a\u0144, lub (ii) odm\u00f3wi\u0107 spe\u0142nienia \u017c\u0105dania.       <\/p>\n\n<p>Je\u015bli otrzymamy wniosek u\u017cytkownika, ale mamy uzasadnione w\u0105tpliwo\u015bci co do jego to\u017csamo\u015bci, mo\u017cemy poprosi\u0107 go o podanie dodatkowych informacji niezb\u0119dnych do potwierdzenia jego to\u017csamo\u015bci. Informujemy r\u00f3wnie\u017c, \u017ce je\u015bli u\u017cytkownik uwa\u017ca, \u017ce nasza firma przetwarza jego dane osobowe niezgodnie z prawem lub w inny spos\u00f3b narusza jego prawa, ma prawo z\u0142o\u017cy\u0107 skarg\u0119 do organu nadzorczego, <strong>Urz\u0119du Ochrony Danych Osobowych <\/strong><a href=\"http:\/\/www.uoou.cz\" target=\"_blank\" rel=\"noopener\" title=\"www.uoou.cz\">(www.uoou.cz)<\/a> lub skorzysta\u0107 z ochrony s\u0105dowej. <\/p>\n\n<h3 class=\"wp-block-heading\"><strong>Dane kontaktowe<\/strong><\/h3>\n\n<p>W przypadku jakichkolwiek pyta\u0144 lub ch\u0119ci skorzystania z przys\u0142uguj\u0105cych praw lub wycofania zgody na przetwarzanie danych osobowych, je\u015bli taka zosta\u0142a udzielona przez nasz\u0105 firm\u0119, mo\u017cna skontaktowa\u0107 si\u0119 z nami telefonicznie pod numerem +420226292876, poczt\u0105 elektroniczn\u0105 pod adresem <a href=\"mailto:info@portaljungle.com\" target=\"_blank\" rel=\"noopener\" title=\"\">info@portaljungle.com,<\/a> osobi\u015bcie lub poczt\u0105 na adres naszej siedziby, patrz wst\u0119p do niniejszego dokumentu. <\/p>\n","protected":false},"excerpt":{"rendered":"<p>Wyci\u0105gni\u0119te wnioski Operatorem tej strony internetowej i osob\u0105, do kt\u00f3rej wysy\u0142asz zapytanie, jest Portal Jungle, s.r.o., z siedzib\u0105 w Pradze 1, V\u00e1clavsk\u00e9 n\u00e1m\u011bst\u00ed 841\/3, kod pocztowy 110 00, numer identyfikacyjny: 07613750. Portal Jungle, s.r.o. przetworzy Twoje zapytanie w swoich systemach baz danych przede wszystkim w celu skontaktowania si\u0119 z Tob\u0105 w sprawie, o kt\u00f3r\u0105 pytasz&#8230;.<\/p>\n","protected":false},"author":1,"featured_media":0,"parent":0,"menu_order":0,"comment_status":"closed","ping_status":"open","template":"","meta":{"_acf_changed":false,"inline_featured_image":false,"footnotes":""},"class_list":["post-52068","page","type-page","status-publish","hentry"],"acf":[],"aioseo_notices":[],"_links":{"self":[{"href":"https:\/\/www.homeportal.world\/pl\/wp-json\/wp\/v2\/pages\/52068","targetHints":{"allow":["GET"]}}],"collection":[{"href":"https:\/\/www.homeportal.world\/pl\/wp-json\/wp\/v2\/pages"}],"about":[{"href":"https:\/\/www.homeportal.world\/pl\/wp-json\/wp\/v2\/types\/page"}],"author":[{"embeddable":true,"href":"https:\/\/www.homeportal.world\/pl\/wp-json\/wp\/v2\/users\/1"}],"replies":[{"embeddable":true,"href":"https:\/\/www.homeportal.world\/pl\/wp-json\/wp\/v2\/comments?post=52068"}],"version-history":[{"count":0,"href":"https:\/\/www.homeportal.world\/pl\/wp-json\/wp\/v2\/pages\/52068\/revisions"}],"wp:attachment":[{"href":"https:\/\/www.homeportal.world\/pl\/wp-json\/wp\/v2\/media?parent=52068"}],"curies":[{"name":"wp","href":"https:\/\/api.w.org\/{rel}","templated":true}]}}