{"id":52005,"date":"2024-10-25T22:36:02","date_gmt":"2024-10-25T20:36:02","guid":{"rendered":"https:\/\/www.homeportal.world\/registracia\/"},"modified":"2024-10-25T22:36:02","modified_gmt":"2024-10-25T20:36:02","slug":"registracia","status":"publish","type":"page","link":"https:\/\/www.homeportal.world\/sk\/registracia\/","title":{"rendered":"Registr\u00e1cia"},"content":{"rendered":"\t\t\t\t\t <div class=\"update-form login\">\r\n\t\t\t<form id=\"custom-registration-form\" method=\"post\" action=\"https:\/\/www.homeportal.world\/wp-admin\/admin-post.php\">\r\n\t\t\t\t<input type=\"hidden\" name=\"action\" value=\"custom_registration\">\r\n\t\t\t\t<input type=\"hidden\" id=\"custom_registration_nonce\" name=\"custom_registration_nonce\" value=\"94125953eb\" \/><input type=\"hidden\" name=\"_wp_http_referer\" value=\"\/sk\/wp-json\/wp\/v2\/pages\/52005\" \/>\t\t\t\t<input type=\"text\" name=\"username\" placeholder=\"U\u017e\u00edvate\u013e. meno \" required>\r\n\t\t\t\t<input type=\"email\" name=\"email\" placeholder=\"E-mail\" required>\r\n\t\t\t\t<input type=\"password\" name=\"password\" placeholder=\"Heslo\" required>\r\n\t\t\t\t<input type=\"submit\" value=\"Zaregistrova\u0165 sa\"\/>\r\n\t\t\t\t<p style=\"margin-top: 25px;\" class=\"reg-gdpr-info\">Odoslan\u00edm formul\u00e1ra <a target=\"_blank\" href=\"https:\/\/www.homeportal.world\/sk\/pravne-dokumenty\/\">s\u00fahlas\u00edm s prenosom osobn\u00fdch \u00fadajov<\/a> a potvrdzujem, \u017ee som si pre\u010d\u00edtal <a target=\"_blank\" href=\"https:\/\/www.homeportal.world\/sk\/pravne-dokumenty\/\">podmienky spracovania osobn\u00fdch \u00fadajov<\/a>.<\/p>\r\n\t\t\t<\/form>\r\n\t\t<\/div>\r\n\t\t\t\t\t\n","protected":false},"excerpt":{"rendered":"","protected":false},"author":1,"featured_media":0,"parent":0,"menu_order":0,"comment_status":"closed","ping_status":"closed","template":"","meta":{"_acf_changed":false,"inline_featured_image":false,"footnotes":""},"class_list":["post-52005","page","type-page","status-publish","hentry"],"acf":[],"aioseo_notices":[],"_links":{"self":[{"href":"https:\/\/www.homeportal.world\/sk\/wp-json\/wp\/v2\/pages\/52005","targetHints":{"allow":["GET"]}}],"collection":[{"href":"https:\/\/www.homeportal.world\/sk\/wp-json\/wp\/v2\/pages"}],"about":[{"href":"https:\/\/www.homeportal.world\/sk\/wp-json\/wp\/v2\/types\/page"}],"author":[{"embeddable":true,"href":"https:\/\/www.homeportal.world\/sk\/wp-json\/wp\/v2\/users\/1"}],"replies":[{"embeddable":true,"href":"https:\/\/www.homeportal.world\/sk\/wp-json\/wp\/v2\/comments?post=52005"}],"version-history":[{"count":0,"href":"https:\/\/www.homeportal.world\/sk\/wp-json\/wp\/v2\/pages\/52005\/revisions"}],"wp:attachment":[{"href":"https:\/\/www.homeportal.world\/sk\/wp-json\/wp\/v2\/media?parent=52005"}],"curies":[{"name":"wp","href":"https:\/\/api.w.org\/{rel}","templated":true}]}}