{"id":52292,"date":"2024-10-30T16:40:03","date_gmt":"2024-10-30T15:40:03","guid":{"rendered":"https:\/\/www.homeportal.world\/juridiska-dokument\/"},"modified":"2024-10-30T16:40:03","modified_gmt":"2024-10-30T15:40:03","slug":"juridiska-dokument","status":"publish","type":"page","link":"https:\/\/www.homeportal.world\/sv\/juridiska-dokument\/","title":{"rendered":"Juridiska dokument"},"content":{"rendered":"\n<h3 class=\"wp-block-heading\">G\u00e5 igenom viktiga juridiska dokument:<\/h3>\n\n<p><a href=\"http:\/\/www.homeportal.world\/cs\/ochrana-osobnich-udaju\/\" target=\"_blank\" rel=\"noopener\" title=\"Integritetspolicy\">Information om behandling av personuppgifter<\/a><\/p>\n\n<p><a href=\"http:\/\/www.homeportal.world\/cs\/cookies\/\" target=\"_blank\" rel=\"noopener\" title=\"Cookies\">Cookies<\/a><\/p>\n\n<p><a href=\"http:\/\/www.homeportal.world\/cs\/vseobecne-obchodni-podminky\/\" target=\"_blank\" rel=\"noopener\" title=\"Allm&#xE4;nna villkor och best&#xE4;mmelser\">Allm\u00e4nna villkor och best\u00e4mmelser<\/a><\/p>\n","protected":false},"excerpt":{"rendered":"<p>G\u00e5 igenom viktiga juridiska dokument: Information om behandling av personuppgifter Cookies Allm\u00e4nna villkor och best\u00e4mmelser<\/p>\n","protected":false},"author":1,"featured_media":0,"parent":0,"menu_order":0,"comment_status":"closed","ping_status":"open","template":"","meta":{"_acf_changed":false,"inline_featured_image":false,"footnotes":""},"class_list":["post-52292","page","type-page","status-publish","hentry"],"acf":[],"aioseo_notices":[],"_links":{"self":[{"href":"https:\/\/www.homeportal.world\/sv\/wp-json\/wp\/v2\/pages\/52292","targetHints":{"allow":["GET"]}}],"collection":[{"href":"https:\/\/www.homeportal.world\/sv\/wp-json\/wp\/v2\/pages"}],"about":[{"href":"https:\/\/www.homeportal.world\/sv\/wp-json\/wp\/v2\/types\/page"}],"author":[{"embeddable":true,"href":"https:\/\/www.homeportal.world\/sv\/wp-json\/wp\/v2\/users\/1"}],"replies":[{"embeddable":true,"href":"https:\/\/www.homeportal.world\/sv\/wp-json\/wp\/v2\/comments?post=52292"}],"version-history":[{"count":0,"href":"https:\/\/www.homeportal.world\/sv\/wp-json\/wp\/v2\/pages\/52292\/revisions"}],"wp:attachment":[{"href":"https:\/\/www.homeportal.world\/sv\/wp-json\/wp\/v2\/media?parent=52292"}],"curies":[{"name":"wp","href":"https:\/\/api.w.org\/{rel}","templated":true}]}}